{"id":5,"date":"2024-07-15T10:34:19","date_gmt":"2024-07-15T08:34:19","guid":{"rendered":"https:\/\/artisanetarchitectedejardin.be\/?page_id=5"},"modified":"2024-07-15T12:16:24","modified_gmt":"2024-07-15T10:16:24","slug":"presentation","status":"publish","type":"page","link":"https:\/\/artisanetarchitectedejardin.be\/index.php\/presentation\/","title":{"rendered":"Pr\u00e9sentation"},"content":{"rendered":"\n<h3 class=\"wp-block-heading\">Quoi ?<\/h3>\n\n\n\n<p>Nous effectuons divers travaux dans votre jardin : conception, cr\u00e9ation, r\u00e9habilitation, entretien.<br>Nous assurons l&rsquo;ensemble des travaux que l&rsquo;on peut effectuer dans un jardin. La plupart de ces travaux se font encore manuellement et nous acceptons les travaux difficiles d&rsquo;acc\u00e8s.<\/p>\n\n\n\n<p>Nous sommes une structure de services et proximit\u00e9, pouvant nous d\u00e9placer partout en Communaut\u00e9 fran\u00e7aise.<\/p>\n\n\n\n<p>Nous poss\u00e9dons un grand bagage d&rsquo;exp\u00e9rience technique et botanique gr\u00e2ce \u00e0 nos ant\u00e9c\u00e9dents dans des p\u00e9pini\u00e8res entreprises de jardin.<br>Nous assurons un respect des plantes par une taille sp\u00e9cifique \u00e0 chacune d&rsquo;elles et en fonction de leur floraison (pas de taille en boule).<br>Nous sommes pr\u00e9sents sur les chantiers.<br>Nous n&rsquo;engageons qu&rsquo;un type de sous-traitant : \u00e9lagueur-grimpeur.<\/p>\n\n\n\n<h3 class=\"wp-block-heading\">Qui ?<\/h3>\n\n\n\n<h4 class=\"wp-block-heading\">Philippe Peulens<\/h4>\n\n\n\n<p>Dipl\u00f4m\u00e9 en technique et gestion horticole \u00e0 l&rsquo;ISI \u00e0 Ath et architecture de jardin \u00eatre paysage. Plus une ann\u00e9e en urbanisme et am\u00e9nagement des villes. 30 ans d&rsquo;xp\u00e9rience.<\/p>\n\n\n\n<h4 class=\"wp-block-heading\">Pascal Gys<\/h4>\n\n\n\n<p>Technicien en horticulture \u00e0 l&rsquo;IESH \u00e0 Gembloux, agr\u00e9\u00e9 en phytopharmacie, lutte int\u00e9gr\u00e9e et maladie des plantes. 45 ans d&rsquo;exp\u00e9rience.<\/p>\n","protected":false},"excerpt":{"rendered":"<p>Quoi ? Nous effectuons divers travaux dans votre jardin : conception, cr\u00e9ation, r\u00e9habilitation, entretien.Nous assurons l&rsquo;ensemble des travaux que l&rsquo;on peut effectuer dans un jardin. La plupart de ces travaux se font encore manuellement et nous acceptons les travaux difficiles d&rsquo;acc\u00e8s. Nous sommes une structure de services et proximit\u00e9, pouvant nous d\u00e9placer partout en Communaut\u00e9 [&hellip;]<\/p>\n","protected":false},"author":1,"featured_media":0,"parent":0,"menu_order":0,"comment_status":"closed","ping_status":"closed","template":"","meta":{"footnotes":""},"class_list":["post-5","page","type-page","status-publish","hentry"],"_links":{"self":[{"href":"https:\/\/artisanetarchitectedejardin.be\/index.php\/wp-json\/wp\/v2\/pages\/5","targetHints":{"allow":["GET"]}}],"collection":[{"href":"https:\/\/artisanetarchitectedejardin.be\/index.php\/wp-json\/wp\/v2\/pages"}],"about":[{"href":"https:\/\/artisanetarchitectedejardin.be\/index.php\/wp-json\/wp\/v2\/types\/page"}],"author":[{"embeddable":true,"href":"https:\/\/artisanetarchitectedejardin.be\/index.php\/wp-json\/wp\/v2\/users\/1"}],"replies":[{"embeddable":true,"href":"https:\/\/artisanetarchitectedejardin.be\/index.php\/wp-json\/wp\/v2\/comments?post=5"}],"version-history":[{"count":2,"href":"https:\/\/artisanetarchitectedejardin.be\/index.php\/wp-json\/wp\/v2\/pages\/5\/revisions"}],"predecessor-version":[{"id":116,"href":"https:\/\/artisanetarchitectedejardin.be\/index.php\/wp-json\/wp\/v2\/pages\/5\/revisions\/116"}],"wp:attachment":[{"href":"https:\/\/artisanetarchitectedejardin.be\/index.php\/wp-json\/wp\/v2\/media?parent=5"}],"curies":[{"name":"wp","href":"https:\/\/api.w.org\/{rel}","templated":true}]}}