{"id":103,"date":"2024-07-15T11:57:58","date_gmt":"2024-07-15T09:57:58","guid":{"rendered":"https:\/\/artisanetarchitectedejardin.be\/?page_id=103"},"modified":"2024-07-15T12:15:41","modified_gmt":"2024-07-15T10:15:41","slug":"artisan-et-architecte-de-jardin","status":"publish","type":"page","link":"https:\/\/artisanetarchitectedejardin.be\/","title":{"rendered":"Artisan et architecte de jardin"},"content":{"rendered":"\n<p>Nous avons cr\u00e9\u00e9 une collaboration entre deux comp\u00e9tences :<\/p>\n\n\n\n<ul class=\"wp-block-list\">\n<li><strong>un architecte paysagiste et entrepreneur<\/strong>, situ\u00e9 \u00e0 Louvain-la-Neuve en Brabant wallon<\/li>\n\n\n\n<li><strong>un artisan de jardin, technicien en horticulture<\/strong>, situ\u00e9 \u00e0 Branchon-\u00c9ghez\u00e9e en province de Namur<\/li>\n<\/ul>\n\n\n\n<figure class=\"wp-block-image aligncenter size-large\"><img loading=\"lazy\" decoding=\"async\" width=\"768\" height=\"1024\" src=\"http:\/\/artisanetarchitectedejardin.be\/wp-content\/uploads\/2024\/07\/IMG_0579-768x1024.jpg\" alt=\"\" class=\"wp-image-101\" srcset=\"https:\/\/artisanetarchitectedejardin.be\/wp-content\/uploads\/2024\/07\/IMG_0579-768x1024.jpg 768w, https:\/\/artisanetarchitectedejardin.be\/wp-content\/uploads\/2024\/07\/IMG_0579-225x300.jpg 225w, https:\/\/artisanetarchitectedejardin.be\/wp-content\/uploads\/2024\/07\/IMG_0579-1152x1536.jpg 1152w, https:\/\/artisanetarchitectedejardin.be\/wp-content\/uploads\/2024\/07\/IMG_0579-1536x2048.jpg 1536w, https:\/\/artisanetarchitectedejardin.be\/wp-content\/uploads\/2024\/07\/IMG_0579-scaled.jpg 1920w\" sizes=\"auto, (max-width: 768px) 100vw, 768px\" \/><\/figure>\n","protected":false},"excerpt":{"rendered":"<p>Nous avons cr\u00e9\u00e9 une collaboration entre deux comp\u00e9tences :<\/p>\n","protected":false},"author":1,"featured_media":111,"parent":0,"menu_order":0,"comment_status":"closed","ping_status":"closed","template":"","meta":{"footnotes":""},"class_list":["post-103","page","type-page","status-publish","has-post-thumbnail","hentry"],"_links":{"self":[{"href":"https:\/\/artisanetarchitectedejardin.be\/index.php\/wp-json\/wp\/v2\/pages\/103","targetHints":{"allow":["GET"]}}],"collection":[{"href":"https:\/\/artisanetarchitectedejardin.be\/index.php\/wp-json\/wp\/v2\/pages"}],"about":[{"href":"https:\/\/artisanetarchitectedejardin.be\/index.php\/wp-json\/wp\/v2\/types\/page"}],"author":[{"embeddable":true,"href":"https:\/\/artisanetarchitectedejardin.be\/index.php\/wp-json\/wp\/v2\/users\/1"}],"replies":[{"embeddable":true,"href":"https:\/\/artisanetarchitectedejardin.be\/index.php\/wp-json\/wp\/v2\/comments?post=103"}],"version-history":[{"count":4,"href":"https:\/\/artisanetarchitectedejardin.be\/index.php\/wp-json\/wp\/v2\/pages\/103\/revisions"}],"predecessor-version":[{"id":108,"href":"https:\/\/artisanetarchitectedejardin.be\/index.php\/wp-json\/wp\/v2\/pages\/103\/revisions\/108"}],"wp:featuredmedia":[{"embeddable":true,"href":"https:\/\/artisanetarchitectedejardin.be\/index.php\/wp-json\/wp\/v2\/media\/111"}],"wp:attachment":[{"href":"https:\/\/artisanetarchitectedejardin.be\/index.php\/wp-json\/wp\/v2\/media?parent=103"}],"curies":[{"name":"wp","href":"https:\/\/api.w.org\/{rel}","templated":true}]}}